{"id":1168,"date":"2018-10-16T13:10:26","date_gmt":"2018-10-16T13:10:26","guid":{"rendered":"https:\/\/corazondelbosque.com.ar\/index.php\/about-2\/"},"modified":"2025-12-12T18:13:04","modified_gmt":"2025-12-12T18:13:04","slug":"about-2","status":"publish","type":"page","link":"https:\/\/corazondelbosque.com.ar\/index.php\/about-2\/","title":{"rendered":"About"},"content":{"rendered":"\n<h2>\n\t\t\tCABA\u00d1AS\t<\/h2>\n\t\t\t<h2>\n\t\t\t\t\tCABA\u00d1AS hasta 4 HU\u00c9SPEDES\n\t\t\t\t<\/h2>\n\t\t\t<p><strong>Caba\u00f1as Cereza, Frambuesa, Frutilla y Sauco.<\/strong><\/p>\n<p>Son cuatro caba\u00f1as gemelas que albergan hasta 4 personas, en un espacio lleno de calidez y decorado especialmente para que disfruten sus vacaciones como siempre so\u00f1aron, en un verdadero refugio de monta\u00f1a. Junto al hogar a le\u00f1a podr\u00e1n disfrutar de un buen libro, una copa de vino o un rico plato patag\u00f3nico.<\/p>\n<p>Las caba\u00f1as son de 50 metros cuadrados y est\u00e1n construidas con materiales nobles de la zona, como lo son las piedras y la madera de cipr\u00e9s.<\/p>\n<p>\u2022\u00a0 Cuentan con un calefactor de tiro balanceado por ambiente.<\/p>\n<p>\u2022\u00a0 Poseen termopaneles (doble vidrio) para optimizar la aislaci\u00f3n t\u00e9rmica y ac\u00fastica.<\/p>\n<p>\u2022\u00a0 Incluyen todo el equipamiento necesario para realizar desayunos, almuerzos y cenas.<\/p>\n\t\t\t<h2>\n\t\t\t\t\tCaba\u00f1a hasta 6 HU\u00c9SPEDES\n\t\t\t\t<\/h2>\n\t\t\t<p><strong>Caba\u00f1a Cipr\u00e9s.<\/strong><\/p>\n<p>Es nuestra caba\u00f1a m\u00e1s amplia. Cuenta con dos dormitorios independientes y dos ba\u00f1os completos, uno de ellos ubicado en la suite matrimonial. Es la caba\u00f1a ideal para alojar hasta 6 personas, ya que posee en el living y dos camas m\u00e1s.<br \/>Posee 80 metros cuadrados construidos en piedra y madera de cipr\u00e9s, materiales que la distinguen arquitect\u00f3nicamente como una verdadera caba\u00f1a patag\u00f3nica, c\u00e1lida y confortable.<br \/>\u2022\u00a0 Cuenta con un sistema de calefacci\u00f3n por caldera y piso radiante.<\/p>\n<p>\u2022\u00a0 Todas sus aberturas tienen termopaneles (vidrios dobles), lo que le brinda mayor aislamiento ac\u00fastico y t\u00e9rmico.<\/p>\n<p>\u2022\u00a0 Incluye todo el equipamiento necesario para realizar desayunos, almuerzos y cenas.<\/p>\n\t\t\t<h2>\n\t\t\t\t\tCABA\u00d1AS hasta 4 HU\u00c9SPEDES\n\t\t\t\t<\/h2>\n\t\n\t\t\t<h2>\n\t\t\t\t\tCABA\u00d1A hasta 6 HU\u00c9SPEDES\n\t\t\t\t<\/h2>\n\t\n\n","protected":false},"excerpt":{"rendered":"<p>CABA\u00d1AS CABA\u00d1AS hasta 4 HU\u00c9SPEDES Caba\u00f1as Cereza, Frambuesa, Frutilla y Sauco. Son cuatro caba\u00f1as gemelas que albergan hasta 4 personas, en un espacio lleno de calidez y decorado especialmente para que disfruten sus vacaciones como siempre so\u00f1aron, en un verdadero refugio de monta\u00f1a. Junto al hogar a le\u00f1a podr\u00e1n disfrutar de un buen libro, una [&hellip;]<\/p>\n","protected":false},"author":1,"featured_media":0,"parent":0,"menu_order":0,"comment_status":"closed","ping_status":"closed","template":"","meta":{"site-sidebar-layout":"no-sidebar","site-content-layout":"page-builder","ast-site-content-layout":"full-width-container","site-content-style":"unboxed","site-sidebar-style":"unboxed","ast-global-header-display":"","ast-banner-title-visibility":"","ast-main-header-display":"","ast-hfb-above-header-display":"","ast-hfb-below-header-display":"","ast-hfb-mobile-header-display":"","site-post-title":"disabled","ast-breadcrumbs-content":"","ast-featured-img":"disabled","footer-sml-layout":"","theme-transparent-header-meta":"","adv-header-id-meta":"","stick-header-meta":"","header-above-stick-meta":"","header-main-stick-meta":"","header-below-stick-meta":"","astra-migrate-meta-layouts":"set","ast-page-background-enabled":"default","ast-page-background-meta":{"desktop":{"background-color":"","background-image":"","background-repeat":"repeat","background-position":"center center","background-size":"auto","background-attachment":"scroll","background-type":"","background-media":"","overlay-type":"","overlay-color":"","overlay-opacity":"","overlay-gradient":""},"tablet":{"background-color":"","background-image":"","background-repeat":"repeat","background-position":"center center","background-size":"auto","background-attachment":"scroll","background-type":"","background-media":"","overlay-type":"","overlay-color":"","overlay-opacity":"","overlay-gradient":""},"mobile":{"background-color":"","background-image":"","background-repeat":"repeat","background-position":"center center","background-size":"auto","background-attachment":"scroll","background-type":"","background-media":"","overlay-type":"","overlay-color":"","overlay-opacity":"","overlay-gradient":""}},"ast-content-background-meta":{"desktop":{"background-color":"var(--ast-global-color-5)","background-image":"","background-repeat":"repeat","background-position":"center center","background-size":"auto","background-attachment":"scroll","background-type":"","background-media":"","overlay-type":"","overlay-color":"","overlay-opacity":"","overlay-gradient":""},"tablet":{"background-color":"var(--ast-global-color-5)","background-image":"","background-repeat":"repeat","background-position":"center center","background-size":"auto","background-attachment":"scroll","background-type":"","background-media":"","overlay-type":"","overlay-color":"","overlay-opacity":"","overlay-gradient":""},"mobile":{"background-color":"var(--ast-global-color-5)","background-image":"","background-repeat":"repeat","background-position":"center center","background-size":"auto","background-attachment":"scroll","background-type":"","background-media":"","overlay-type":"","overlay-color":"","overlay-opacity":"","overlay-gradient":""}},"footnotes":""},"class_list":["post-1168","page","type-page","status-publish","hentry"],"_links":{"self":[{"href":"https:\/\/corazondelbosque.com.ar\/index.php\/wp-json\/wp\/v2\/pages\/1168","targetHints":{"allow":["GET"]}}],"collection":[{"href":"https:\/\/corazondelbosque.com.ar\/index.php\/wp-json\/wp\/v2\/pages"}],"about":[{"href":"https:\/\/corazondelbosque.com.ar\/index.php\/wp-json\/wp\/v2\/types\/page"}],"author":[{"embeddable":true,"href":"https:\/\/corazondelbosque.com.ar\/index.php\/wp-json\/wp\/v2\/users\/1"}],"replies":[{"embeddable":true,"href":"https:\/\/corazondelbosque.com.ar\/index.php\/wp-json\/wp\/v2\/comments?post=1168"}],"version-history":[{"count":11,"href":"https:\/\/corazondelbosque.com.ar\/index.php\/wp-json\/wp\/v2\/pages\/1168\/revisions"}],"predecessor-version":[{"id":1444,"href":"https:\/\/corazondelbosque.com.ar\/index.php\/wp-json\/wp\/v2\/pages\/1168\/revisions\/1444"}],"wp:attachment":[{"href":"https:\/\/corazondelbosque.com.ar\/index.php\/wp-json\/wp\/v2\/media?parent=1168"}],"curies":[{"name":"wp","href":"https:\/\/api.w.org\/{rel}","templated":true}]}}