{"id":1111,"date":"2018-10-16T13:09:53","date_gmt":"2018-10-16T13:09:53","guid":{"rendered":"https:\/\/corazondelbosque.com.ar\/index.php\/home\/"},"modified":"2026-02-04T16:17:24","modified_gmt":"2026-02-04T16:17:24","slug":"home","status":"publish","type":"page","link":"https:\/\/corazondelbosque.com.ar\/","title":{"rendered":"Home"},"content":{"rendered":"\n\n\t\t<meta itemprop=\"url\" content=\"https:\/\/corazondelbosque.com.ar\/wp-content\/uploads\/2025\/12\/Complejo-Horizontal.mp4\" \/><div style=\"width: 640px;\" class=\"wp-video\"><video class=\"wp-video-shortcode\" id=\"video-1111-1\" width=\"640\" height=\"360\" loop preload=\"metadata\" controls=\"controls\"><source type=\"video\/mp4\" src=\"https:\/\/corazondelbosque.com.ar\/wp-content\/uploads\/2025\/12\/Complejo-Horizontal.mp4?_=1\" \/><source type=\"video\/mp4\" src=\"https:\/\/corazondelbosque.com.ar\/wp-content\/uploads\/2025\/12\/Complejo-Horizontal.mp4?_=1\" \/><a href=\"https:\/\/corazondelbosque.com.ar\/wp-content\/uploads\/2025\/12\/Complejo-Horizontal.mp4\">https:\/\/corazondelbosque.com.ar\/wp-content\/uploads\/2025\/12\/Complejo-Horizontal.mp4<\/a><\/video><\/div>\t\n\t\t\t<h2>\n\t\t\t\t\tSOBRE NOSOTROS\n\t\t\t\t<\/h2>\n\t\t\t<p>\u2022 Rodeadas de un bosque nativo, construidas en piedra y madera de cipr\u00e9s, nuestras caba\u00f1as hacen realidad el sue\u00f1o de vivir en un verdadero refugio de monta\u00f1a. Brindan la calidez y todo el encanto del sur en cada uno de sus detalles, adem\u00e1s cuentan con el equipamiento necesario para brindar todo el confort durante su estad\u00eda.<br \/>\u2022 Las caba\u00f1as est\u00e1n inmersas en un predio de 35.000 m2.que conservan la mayor\u00eda de las especies aut\u00f3ctonas del bosque patag\u00f3nico; Cipreses, \u00f1ires, coihues, radales y maitenes deleitan los ojos cuando uno camina por los senderos. El gran parque est\u00e1 atravesado por peque\u00f1os arroyos que traen el murmullo del agua en \u00e9poca de lluvia o de deshielo. Asimismo podr\u00e1 contemplar desde su vista la ladera del Cerro Otto.<\/p>\n\t\t\t\t<img decoding=\"async\" src=\"https:\/\/corazondelbosque.com.ar\/wp-content\/uploads\/2026\/02\/Digital-Award_TRA-2026.png\" alt=\"Digital-Award_TRA-2026\" itemprop=\"image\" height=\"900\" width=\"1280\" title=\"Digital-Award_TRA-2026\" onerror=\"this.style.display='none'\" loading=\"lazy\" \/>\n\t<iframe src=\"https:\/\/www.google.com\/maps\/embed?pb=!4v1646685389820!6m8!1m7!1sCAoSK0FGMVFpcFBLbnJ2dVpERmJYV0Fkb255WHhmbnlCeTlSTTNhMXpKd1hZY00.!2m2!1d-41.1259978!2d-71.3831676!3f151.85531914704757!4f-22.466601675616616!5f0.7820865974627469\" width=\"1200\" height=\"400\" allowfullscreen=\"\" loading=\"lazy\"><\/iframe>\n\t\t\t<h2>\n\t\t\t\t\tTESTIMONIOS\n\t\t\t\t<\/h2>\n\t\t\t<a href=\"https:\/\/corazondelbosque.com.ar\/index.php\/testimonials\/\" target=\"_self\"  role=\"button\">\n\t\t\t\t\t\tVER M\u00c1S\n\t\t<\/a>\n\t<p>Excelentes instalaciones! Caba\u00f1as muy completas y equipadas, cochera techada, parrilla individual, caja de seguridad, hermoso parque. Siempre todo super limpio y prolijo. Buena ubicaci\u00f3n, ni muy cerca ni muy lejos del centro, ideal para llegar en auto en pocos minutos, en una zona muy tranquila. Excelente atenci\u00f3n de Guillermo y Susana.<\/p>\n\t\t\t<h6>\n\t\t\t\t\t&#8211; Ernesto Dos Santos Afonso\n\t\t\t\t<\/h6>\n\t<p>Estuve con mi familia, estas vacaciones de invierno, un lugar maravilloso, las caba\u00f1as hermosas, y es verdad est\u00e1n en el coraz\u00f3n del bosque !!!, pasamos unos d\u00edas muy lindos, gracias Guillermo y Susana \u00a1!! Y como te comente, sigo pensando lo mismo !!! Ninguna foto podr\u00e1 expresar lo que es el complejo ,,, hay que vivirlo ,,, gracias!<\/p>\n\t\t\t<h6>\n\t\t\t\t\t&#8211; Ricardo Fabian C\n\t\t\t\t<\/h6>\n\t\t\t<h5>\n\t\t\t\t\tVEA NUESTRAS RESE\u00d1AS EN:\n\t\t\t\t<\/h5>\n\t\t\t<a href=\"https:\/\/www.tripadvisor.com\/Hotel_Review-g312848-d1129157-Reviews-En_El_Corazon_del_Bosque-San_Carlos_de_Bariloche_Province_of_Rio_Negro_Patagonia.html\" target=\"_blank\" rel=\"noopener\">\n\t\t\t\t\t\ttripadvisor\n\t\t\t\t\t<\/a>\n\t\t\t<a href=\"https:\/\/es-la.facebook.com\/enelcorazondelbosquebrc\" target=\"_blank\" rel=\"noopener\">\n\t\t\t\t\t\tFacebook\n\t\t\t\t\t<\/a>\n\t\t\t<a href=\"https:\/\/www.instagram.com\/enelcorazondelbosque\/\" target=\"_blank\" rel=\"noopener\">\n\t\t\t\t\t\tInstagram\n\t\t\t\t\t<\/a>\n\t\t\t<a href=\"https:\/\/www.google.com\/travel\/hotels\/en%20el%20corazon%20del%20bosque\/entity\/CgoIhaO3i7OyhdRsEAE\/overview?q=en%20el%20corazon%20del%20bosque&#038;g2lb=2502548%2C2503771%2C2503781%2C4258168%2C4270442%2C4284970%2C4291517%2C4306835%2C4401769%2C4429192%2C4597339%2C4640247%2C4647135%2C4649665%2C4680677%2C4722435%2C4722900%2C4723331%2C4726607%2C4733969%2C4736008&#038;hl=es-AR&#038;gl=ar&#038;ssta=1&#038;rp=EIWjt4uzsoXUbBCFo7eLs7KF1Gw4AkAASAHAAQI&#038;ictx=1&#038;utm_campaign=sharing&#038;utm_medium=link&#038;utm_source=htls&#038;ts=CAESABpJCisSJzIlMHg5NjFhNzA5ZDY4YjVmMWJkOjB4NmNhODE1OTMzMTZkZDE4NRoAEhoSFAoHCOYPEAQYChIHCOYPEAQYCxgBMgIQACoJCgU6A0FSUxoA\" target=\"_blank\" rel=\"noopener\">\n\t\t\t\t\t\tGoogleReviews\n\t\t\t\t\t<\/a>\n\t\t\t<h4>\n\t\t\t\t\tPara realizar su consulta por Whatsapp escribanos al\n\t\t\t\t<\/h4>\n\t\t\t<a href=\"https:\/\/wa.me\/2944578990\" target=\"_self\">\n\t\t\t\t\t\t294 4578990\n\t\t\t\t\t<\/a>\n\n","protected":false},"excerpt":{"rendered":"<p>SOBRE NOSOTROS \u2022 Rodeadas de un bosque nativo, construidas en piedra y madera de cipr\u00e9s, nuestras caba\u00f1as hacen realidad el sue\u00f1o de vivir en un verdadero refugio de monta\u00f1a. Brindan la calidez y todo el encanto del sur en cada uno de sus detalles, adem\u00e1s cuentan con el equipamiento necesario para brindar todo el confort [&hellip;]<\/p>\n","protected":false},"author":1,"featured_media":0,"parent":0,"menu_order":0,"comment_status":"closed","ping_status":"closed","template":"","meta":{"site-sidebar-layout":"no-sidebar","site-content-layout":"page-builder","ast-site-content-layout":"","site-content-style":"default","site-sidebar-style":"default","ast-global-header-display":"","ast-banner-title-visibility":"","ast-main-header-display":"","ast-hfb-above-header-display":"","ast-hfb-below-header-display":"","ast-hfb-mobile-header-display":"","site-post-title":"disabled","ast-breadcrumbs-content":"","ast-featured-img":"disabled","footer-sml-layout":"","theme-transparent-header-meta":"default","adv-header-id-meta":"","stick-header-meta":"","header-above-stick-meta":"","header-main-stick-meta":"","header-below-stick-meta":"","astra-migrate-meta-layouts":"default","ast-page-background-enabled":"default","ast-page-background-meta":{"desktop":{"background-color":"","background-image":"","background-repeat":"repeat","background-position":"center center","background-size":"auto","background-attachment":"scroll","background-type":"","background-media":"","overlay-type":"","overlay-color":"","overlay-opacity":"","overlay-gradient":""},"tablet":{"background-color":"","background-image":"","background-repeat":"repeat","background-position":"center center","background-size":"auto","background-attachment":"scroll","background-type":"","background-media":"","overlay-type":"","overlay-color":"","overlay-opacity":"","overlay-gradient":""},"mobile":{"background-color":"","background-image":"","background-repeat":"repeat","background-position":"center center","background-size":"auto","background-attachment":"scroll","background-type":"","background-media":"","overlay-type":"","overlay-color":"","overlay-opacity":"","overlay-gradient":""}},"ast-content-background-meta":{"desktop":{"background-color":"var(--ast-global-color-5)","background-image":"","background-repeat":"repeat","background-position":"center center","background-size":"auto","background-attachment":"scroll","background-type":"","background-media":"","overlay-type":"","overlay-color":"","overlay-opacity":"","overlay-gradient":""},"tablet":{"background-color":"var(--ast-global-color-5)","background-image":"","background-repeat":"repeat","background-position":"center center","background-size":"auto","background-attachment":"scroll","background-type":"","background-media":"","overlay-type":"","overlay-color":"","overlay-opacity":"","overlay-gradient":""},"mobile":{"background-color":"var(--ast-global-color-5)","background-image":"","background-repeat":"repeat","background-position":"center center","background-size":"auto","background-attachment":"scroll","background-type":"","background-media":"","overlay-type":"","overlay-color":"","overlay-opacity":"","overlay-gradient":""}},"footnotes":""},"class_list":["post-1111","page","type-page","status-publish","hentry"],"_links":{"self":[{"href":"https:\/\/corazondelbosque.com.ar\/index.php\/wp-json\/wp\/v2\/pages\/1111","targetHints":{"allow":["GET"]}}],"collection":[{"href":"https:\/\/corazondelbosque.com.ar\/index.php\/wp-json\/wp\/v2\/pages"}],"about":[{"href":"https:\/\/corazondelbosque.com.ar\/index.php\/wp-json\/wp\/v2\/types\/page"}],"author":[{"embeddable":true,"href":"https:\/\/corazondelbosque.com.ar\/index.php\/wp-json\/wp\/v2\/users\/1"}],"replies":[{"embeddable":true,"href":"https:\/\/corazondelbosque.com.ar\/index.php\/wp-json\/wp\/v2\/comments?post=1111"}],"version-history":[{"count":11,"href":"https:\/\/corazondelbosque.com.ar\/index.php\/wp-json\/wp\/v2\/pages\/1111\/revisions"}],"predecessor-version":[{"id":1474,"href":"https:\/\/corazondelbosque.com.ar\/index.php\/wp-json\/wp\/v2\/pages\/1111\/revisions\/1474"}],"wp:attachment":[{"href":"https:\/\/corazondelbosque.com.ar\/index.php\/wp-json\/wp\/v2\/media?parent=1111"}],"curies":[{"name":"wp","href":"https:\/\/api.w.org\/{rel}","templated":true}]}}